{"id":59,"date":"2021-03-10T15:13:47","date_gmt":"2021-03-10T14:13:47","guid":{"rendered":"https:\/\/agrar-bdg.de\/ldz\/?page_id=59"},"modified":"2021-09-28T09:33:24","modified_gmt":"2021-09-28T07:33:24","slug":"spedition","status":"publish","type":"page","link":"https:\/\/agrar-bdg.de\/ldz\/spedition\/","title":{"rendered":"Spedition"},"content":{"rendered":"<div id='av-layout-grid-1'  class='av-layout-grid-container av-km3lble6-a93ffbd1a2d80175fd89a8a3f140cbd2 entry-content-wrapper main_color av-flex-cells  avia-builder-el-0  el_before_av_section  avia-builder-el-first   container_wrap fullsize'  >\n\n<style type=\"text\/css\" data-created_by=\"avia_inline_auto\" id=\"style-css-av-km3lcen2-e056740f440da1f221796e6ceb2d2dc7\">\n.flex_cell.av-km3lcen2-e056740f440da1f221796e6ceb2d2dc7{\nvertical-align:top;\nheight:15px;\nmin-height:15px;\nbackground-color:#d1e800;\n}\n.responsive #top #wrap_all .flex_cell.av-km3lcen2-e056740f440da1f221796e6ceb2d2dc7{\npadding:0px 0px 0px 0px !important;\n}\n<\/style>\n<div class='flex_cell av-km3lcen2-e056740f440da1f221796e6ceb2d2dc7 av-gridrow-cell av_one_full no_margin  avia-builder-el-1  avia-builder-el-no-sibling  av-zero-padding'  ><div class='flex_cell_inner'><\/div><\/div>\n<\/div>\n<div id='av_section_1'  class='avia-section av-4c5ds-ce9dbd763a39ca9d7aed0b7ee40d75c5 main_color avia-section-huge avia-no-border-styling  avia-builder-el-2  el_after_av_layout_row  avia-builder-el-last  avia-bg-style-scroll container_wrap fullsize'  ><div class='container av-section-cont-open' ><div class='template-page content  av-content-full alpha units'><div class='post-entry post-entry-type-page post-entry-59'><div class='entry-content-wrapper clearfix'>\n\n<style type=\"text\/css\" data-created_by=\"avia_inline_auto\" id=\"style-css-av-1erpk-70cda2fa6ffb489c7be01d709148b014\">\n.flex_column.av-1erpk-70cda2fa6ffb489c7be01d709148b014{\nborder-radius:0px 0px 0px 0px;\npadding:0px 0px 0px 0px;\n}\n<\/style>\n<div  class='flex_column av-1erpk-70cda2fa6ffb489c7be01d709148b014 av_one_half  avia-builder-el-3  el_before_av_one_half  avia-builder-el-first  first flex_column_div av-zero-column-padding  '     ><p>\n<style type=\"text\/css\" data-created_by=\"avia_inline_auto\" id=\"style-css-av-tguj-fff5fb554abb7b4ae35dd1de095ed5a7\">\n#top .av-special-heading.av-tguj-fff5fb554abb7b4ae35dd1de095ed5a7{\npadding-bottom:10px;\n}\nbody .av-special-heading.av-tguj-fff5fb554abb7b4ae35dd1de095ed5a7 .av-special-heading-tag .heading-char{\nfont-size:25px;\n}\n.av-special-heading.av-tguj-fff5fb554abb7b4ae35dd1de095ed5a7 .av-subheading{\nfont-size:15px;\n}\n<\/style>\n<div  class='av-special-heading av-tguj-fff5fb554abb7b4ae35dd1de095ed5a7 av-special-heading-h1 blockquote modern-quote  avia-builder-el-4  el_before_av_textblock  avia-builder-el-first '><h1 class='av-special-heading-tag '  itemprop=\"headline\"  >Spedition<\/h1><div class=\"special-heading-border\"><div class=\"special-heading-inner-border\"><\/div><\/div><\/div><br \/>\n<section  class='av_textblock_section av-2qxg-cd0d9f4f7964cb3d8bf8d0d727771be5 '   itemscope=\"itemscope\" itemtype=\"https:\/\/schema.org\/CreativeWork\" ><div class='avia_textblock'  itemprop=\"text\" ><p>Neben unseren Dienstleistungen f\u00fcr die\u00a0Landwirtschaft\u00a0und\u00a0Kommunen\u00a0ist das LDZ Bad D\u00fcrrenberg auch als Spedition t\u00e4tig.<\/p>\n<p>Wir \u00fcbernehmen landwirtschaftliche Transporte wie Futtermitteltransporte und Fl\u00fcssigd\u00fcngertransporte sowie St\u00fcckgut- und Sch\u00fcttguttransporte, Strohtransporte und vieles mehr.<\/p>\n<p>Nat\u00fcrlich transportieren wir auch unsere eigenen Erzeugnisse- n\u00e4mlich Eier, Kartoffeln, Getreide und R\u00fcben- in die weiterverarbeitenden Betriebe und direkt zu unseren Kunden.<\/p>\n<p>Unser Fuhrpark umfasst<\/p>\n<ul>\n<li>6 LKW\u2019s,<\/li>\n<li>2 Sattelauflieger,<\/li>\n<li>2 Gliederz\u00fcge,<\/li>\n<li>einen Koffer mit Ladebordwand<\/li>\n<li>sowie eine Transporteinheit f\u00fcr G\u00fclle und G\u00e4rrest<\/li>\n<\/ul>\n<\/div><\/section><br \/>\n\n<style type=\"text\/css\" data-created_by=\"avia_inline_auto\" id=\"style-css-av-krowgqgc-38a43d673660598cf1dc413aa4ab2da7\">\n#top .hr.hr-invisible.av-krowgqgc-38a43d673660598cf1dc413aa4ab2da7{\nheight:50px;\n}\n<\/style>\n<div  class='hr av-krowgqgc-38a43d673660598cf1dc413aa4ab2da7 hr-invisible  avia-builder-el-6  el_after_av_textblock  el_before_av_masonry_gallery  avia-builder-el-last '><span class='hr-inner '><span class=\"hr-inner-style\"><\/span><\/span><\/div><br \/>\n<div id='av-masonry-1' class='av-masonry av-krngdbwd-4d75b84f5375574f74a348074eb7d35d noHover av-fixed-size av-large-gap av-hover-overlay- av-masonry-animation-active av-masonry-col-3 av-caption-always av-caption-style- av-masonry-gallery ' data-post_id=\"59\"><div class=\"av-masonry-container isotope av-js-disabled\"><div class='av-masonry-entry isotope-item av-masonry-item-no-image '><\/div><a href=\"https:\/\/agrar-bdg.de\/ldz\/wp-content\/uploads\/sites\/2\/2021\/09\/20210910_154353-773x1030.jpg\" data-srcset=\"https:\/\/agrar-bdg.de\/ldz\/wp-content\/uploads\/sites\/2\/2021\/09\/20210910_154353-773x1030.jpg 773w, https:\/\/agrar-bdg.de\/ldz\/wp-content\/uploads\/sites\/2\/2021\/09\/20210910_154353-225x300.jpg 225w, https:\/\/agrar-bdg.de\/ldz\/wp-content\/uploads\/sites\/2\/2021\/09\/20210910_154353-768x1024.jpg 768w, https:\/\/agrar-bdg.de\/ldz\/wp-content\/uploads\/sites\/2\/2021\/09\/20210910_154353-1152x1536.jpg 1152w, https:\/\/agrar-bdg.de\/ldz\/wp-content\/uploads\/sites\/2\/2021\/09\/20210910_154353-1125x1500.jpg 1125w, https:\/\/agrar-bdg.de\/ldz\/wp-content\/uploads\/sites\/2\/2021\/09\/20210910_154353-529x705.jpg 529w, https:\/\/agrar-bdg.de\/ldz\/wp-content\/uploads\/sites\/2\/2021\/09\/20210910_154353.jpg 1368w\" data-sizes=\"(max-width: 773px) 100vw, 773px\"  aria-label=\"Bild 20210910_154353\"  id='av-masonry-1-item-346' data-av-masonry-item='346' class='av-masonry-entry isotope-item post-346 attachment type-attachment status-inherit hentry  av-masonry-item-with-image' title=\"20210910_154353\" alt=\"\"    itemprop=\"thumbnailUrl\" ><div class='av-inner-masonry-sizer'><\/div><figure class='av-inner-masonry main_color'><div class=\"av-masonry-outerimage-container\"><div class='av-masonry-image-container' style=\"background-image: url(https:\/\/agrar-bdg.de\/ldz\/wp-content\/uploads\/sites\/2\/2021\/09\/20210910_154353-529x705.jpg);\"  title=\"20210910_154353\" ><\/div><\/div><\/figure><\/a><!--end av-masonry entry--><a href=\"https:\/\/agrar-bdg.de\/ldz\/wp-content\/uploads\/sites\/2\/2021\/07\/Kartoffelernte-2-1.jpg\" data-srcset=\"https:\/\/agrar-bdg.de\/ldz\/wp-content\/uploads\/sites\/2\/2021\/07\/Kartoffelernte-2-1.jpg 999w, https:\/\/agrar-bdg.de\/ldz\/wp-content\/uploads\/sites\/2\/2021\/07\/Kartoffelernte-2-1-300x200.jpg 300w, https:\/\/agrar-bdg.de\/ldz\/wp-content\/uploads\/sites\/2\/2021\/07\/Kartoffelernte-2-1-768x512.jpg 768w, https:\/\/agrar-bdg.de\/ldz\/wp-content\/uploads\/sites\/2\/2021\/07\/Kartoffelernte-2-1-705x470.jpg 705w\" data-sizes=\"(max-width: 999px) 100vw, 999px\"  aria-label=\"Bild Kartoffelernte (2)\"  id='av-masonry-1-item-320' data-av-masonry-item='320' class='av-masonry-entry isotope-item post-320 attachment type-attachment status-inherit hentry  av-masonry-item-with-image' title=\"Kartoffelernte (2)\" alt=\"\"    itemprop=\"thumbnailUrl\" ><div class='av-inner-masonry-sizer'><\/div><figure class='av-inner-masonry main_color'><div class=\"av-masonry-outerimage-container\"><div class='av-masonry-image-container' style=\"background-image: url(https:\/\/agrar-bdg.de\/ldz\/wp-content\/uploads\/sites\/2\/2021\/07\/Kartoffelernte-2-1-705x470.jpg);\"  title=\"Kartoffelernte (2)\" ><\/div><\/div><\/figure><\/a><!--end av-masonry entry--><a href=\"https:\/\/agrar-bdg.de\/ldz\/wp-content\/uploads\/sites\/2\/2021\/09\/20210913_091459-1030x580.jpg\" data-srcset=\"https:\/\/agrar-bdg.de\/ldz\/wp-content\/uploads\/sites\/2\/2021\/09\/20210913_091459-1030x580.jpg 1030w, https:\/\/agrar-bdg.de\/ldz\/wp-content\/uploads\/sites\/2\/2021\/09\/20210913_091459-300x169.jpg 300w, https:\/\/agrar-bdg.de\/ldz\/wp-content\/uploads\/sites\/2\/2021\/09\/20210913_091459-768x433.jpg 768w, https:\/\/agrar-bdg.de\/ldz\/wp-content\/uploads\/sites\/2\/2021\/09\/20210913_091459-1536x865.jpg 1536w, https:\/\/agrar-bdg.de\/ldz\/wp-content\/uploads\/sites\/2\/2021\/09\/20210913_091459-1500x845.jpg 1500w, https:\/\/agrar-bdg.de\/ldz\/wp-content\/uploads\/sites\/2\/2021\/09\/20210913_091459-705x397.jpg 705w, https:\/\/agrar-bdg.de\/ldz\/wp-content\/uploads\/sites\/2\/2021\/09\/20210913_091459.jpg 1598w\" data-sizes=\"(max-width: 1030px) 100vw, 1030px\"  aria-label=\"Bild 20210913_091459\"  id='av-masonry-1-item-350' data-av-masonry-item='350' class='av-masonry-entry isotope-item post-350 attachment type-attachment status-inherit hentry  av-masonry-item-with-image' title=\"20210913_091459\" alt=\"\"    itemprop=\"thumbnailUrl\" ><div class='av-inner-masonry-sizer'><\/div><figure class='av-inner-masonry main_color'><div class=\"av-masonry-outerimage-container\"><div class='av-masonry-image-container' style=\"background-image: url(https:\/\/agrar-bdg.de\/ldz\/wp-content\/uploads\/sites\/2\/2021\/09\/20210913_091459-705x397.jpg);\"  title=\"20210913_091459\" ><\/div><\/div><\/figure><\/a><!--end av-masonry entry--><\/div><\/div><\/p><\/div>\n<style type=\"text\/css\" data-created_by=\"avia_inline_auto\" id=\"style-css-av-435rs-15604107400635ce361beaa91fe2e8ea\">\n.flex_column.av-435rs-15604107400635ce361beaa91fe2e8ea{\nborder-radius:0px 0px 0px 0px;\npadding:0px 0px 0px 0px;\n}\n<\/style>\n<div  class='flex_column av-435rs-15604107400635ce361beaa91fe2e8ea av_one_half  avia-builder-el-8  el_after_av_one_half  avia-builder-el-last  flex_column_div av-zero-column-padding  '     ><style type=\"text\/css\" data-created_by=\"avia_inline_auto\" id=\"style-css-av-c5ic-1c1d591d07502cbf07c35d4856e3c1bf\">\n.avia-image-container.av-c5ic-1c1d591d07502cbf07c35d4856e3c1bf img.avia_image{\nbox-shadow:none;\n}\n.avia-image-container.av-c5ic-1c1d591d07502cbf07c35d4856e3c1bf .av-image-caption-overlay-center{\ncolor:#ffffff;\n}\n<\/style>\n<div  class='avia-image-container av-c5ic-1c1d591d07502cbf07c35d4856e3c1bf av-styling- av-img-linked avia-align-center  avia-builder-el-9  avia-builder-el-no-sibling '   itemprop=\"image\" itemscope=\"itemscope\" itemtype=\"https:\/\/schema.org\/ImageObject\" ><div class=\"avia-image-container-inner\"><div class=\"avia-image-overlay-wrap\"><a href=\"https:\/\/agrar-bdg.de\/ldz\/wp-content\/uploads\/sites\/2\/2021\/07\/LKW-Eier-1030x580.jpg\" data-srcset=\"https:\/\/agrar-bdg.de\/ldz\/wp-content\/uploads\/sites\/2\/2021\/07\/LKW-Eier-1030x580.jpg 1030w, https:\/\/agrar-bdg.de\/ldz\/wp-content\/uploads\/sites\/2\/2021\/07\/LKW-Eier-300x169.jpg 300w, https:\/\/agrar-bdg.de\/ldz\/wp-content\/uploads\/sites\/2\/2021\/07\/LKW-Eier-768x432.jpg 768w, https:\/\/agrar-bdg.de\/ldz\/wp-content\/uploads\/sites\/2\/2021\/07\/LKW-Eier-705x397.jpg 705w, https:\/\/agrar-bdg.de\/ldz\/wp-content\/uploads\/sites\/2\/2021\/07\/LKW-Eier.jpg 1500w\" data-sizes=\"(max-width: 1030px) 100vw, 1030px\" class='avia_image '  aria-label='LKW Eier'><img decoding=\"async\" fetchpriority=\"high\" class='wp-image-328 avia-img-lazy-loading-not-328 avia_image ' src=\"https:\/\/agrar-bdg.de\/ldz\/wp-content\/uploads\/sites\/2\/2021\/07\/LKW-Eier-1030x580.jpg\" alt='' title='LKW Eier'  height=\"580\" width=\"1030\"  itemprop=\"thumbnailUrl\" srcset=\"https:\/\/agrar-bdg.de\/ldz\/wp-content\/uploads\/sites\/2\/2021\/07\/LKW-Eier-1030x580.jpg 1030w, https:\/\/agrar-bdg.de\/ldz\/wp-content\/uploads\/sites\/2\/2021\/07\/LKW-Eier-300x169.jpg 300w, https:\/\/agrar-bdg.de\/ldz\/wp-content\/uploads\/sites\/2\/2021\/07\/LKW-Eier-768x432.jpg 768w, https:\/\/agrar-bdg.de\/ldz\/wp-content\/uploads\/sites\/2\/2021\/07\/LKW-Eier-705x397.jpg 705w, https:\/\/agrar-bdg.de\/ldz\/wp-content\/uploads\/sites\/2\/2021\/07\/LKW-Eier.jpg 1500w\" sizes=\"(max-width: 1030px) 100vw, 1030px\" \/><\/a><\/div><\/div><\/div><\/div>\n","protected":false},"excerpt":{"rendered":"","protected":false},"author":1,"featured_media":0,"parent":0,"menu_order":0,"comment_status":"closed","ping_status":"closed","template":"","meta":{"footnotes":""},"class_list":["post-59","page","type-page","status-publish","hentry"],"yoast_head":"<!-- This site is optimized with the Yoast SEO plugin v27.2 - https:\/\/yoast.com\/product\/yoast-seo-wordpress\/ -->\n<title>Spedition - LDZ Bad D\u00fcrrenberg GmbH<\/title>\n<meta name=\"robots\" content=\"index, follow, max-snippet:-1, max-image-preview:large, max-video-preview:-1\" \/>\n<link rel=\"canonical\" href=\"https:\/\/agrar-bdg.de\/ldz\/spedition\/\" \/>\n<meta property=\"og:locale\" content=\"de_DE\" \/>\n<meta property=\"og:type\" content=\"article\" \/>\n<meta property=\"og:title\" content=\"Spedition - LDZ Bad D\u00fcrrenberg GmbH\" \/>\n<meta property=\"og:url\" content=\"https:\/\/agrar-bdg.de\/ldz\/spedition\/\" \/>\n<meta property=\"og:site_name\" content=\"LDZ Bad D\u00fcrrenberg GmbH\" \/>\n<meta property=\"article:publisher\" content=\"https:\/\/www.facebook.com\/AgrarBadDuerrenberg\" \/>\n<meta property=\"article:modified_time\" content=\"2021-09-28T07:33:24+00:00\" \/>\n<meta name=\"twitter:card\" content=\"summary_large_image\" \/>\n<meta name=\"twitter:label1\" content=\"Gesch\u00e4tzte Lesezeit\" \/>\n\t<meta name=\"twitter:data1\" content=\"5\u00a0Minuten\" \/>\n<script type=\"application\/ld+json\" class=\"yoast-schema-graph\">{\"@context\":\"https:\/\/schema.org\",\"@graph\":[{\"@type\":\"WebPage\",\"@id\":\"https:\/\/agrar-bdg.de\/ldz\/spedition\/\",\"url\":\"https:\/\/agrar-bdg.de\/ldz\/spedition\/\",\"name\":\"Spedition - LDZ Bad D\u00fcrrenberg GmbH\",\"isPartOf\":{\"@id\":\"https:\/\/agrar-bdg.de\/ldz\/#website\"},\"datePublished\":\"2021-03-10T14:13:47+00:00\",\"dateModified\":\"2021-09-28T07:33:24+00:00\",\"breadcrumb\":{\"@id\":\"https:\/\/agrar-bdg.de\/ldz\/spedition\/#breadcrumb\"},\"inLanguage\":\"de\",\"potentialAction\":[{\"@type\":\"ReadAction\",\"target\":[\"https:\/\/agrar-bdg.de\/ldz\/spedition\/\"]}]},{\"@type\":\"BreadcrumbList\",\"@id\":\"https:\/\/agrar-bdg.de\/ldz\/spedition\/#breadcrumb\",\"itemListElement\":[{\"@type\":\"ListItem\",\"position\":1,\"name\":\"Startseite\",\"item\":\"https:\/\/agrar-bdg.de\/ldz\/home-ldz\/\"},{\"@type\":\"ListItem\",\"position\":2,\"name\":\"Spedition\"}]},{\"@type\":\"WebSite\",\"@id\":\"https:\/\/agrar-bdg.de\/ldz\/#website\",\"url\":\"https:\/\/agrar-bdg.de\/ldz\/\",\"name\":\"LDZ Bad D\u00fcrrenberg GmbH\",\"description\":\"Eine weitere Agrargenossenschaft_Bad_Duerrenberg_Websites Website\",\"publisher\":{\"@id\":\"https:\/\/agrar-bdg.de\/ldz\/#organization\"},\"potentialAction\":[{\"@type\":\"SearchAction\",\"target\":{\"@type\":\"EntryPoint\",\"urlTemplate\":\"https:\/\/agrar-bdg.de\/ldz\/?s={search_term_string}\"},\"query-input\":{\"@type\":\"PropertyValueSpecification\",\"valueRequired\":true,\"valueName\":\"search_term_string\"}}],\"inLanguage\":\"de\"},{\"@type\":\"Organization\",\"@id\":\"https:\/\/agrar-bdg.de\/ldz\/#organization\",\"name\":\"LDZ Bad D\u00fcrrenberg GmbH\",\"url\":\"https:\/\/agrar-bdg.de\/ldz\/\",\"logo\":{\"@type\":\"ImageObject\",\"inLanguage\":\"de\",\"@id\":\"https:\/\/agrar-bdg.de\/ldz\/#\/schema\/logo\/image\/\",\"url\":\"https:\/\/agrar-bdg.de\/ldz\/wp-content\/uploads\/sites\/2\/2021\/03\/LDZ-logo.png\",\"contentUrl\":\"https:\/\/agrar-bdg.de\/ldz\/wp-content\/uploads\/sites\/2\/2021\/03\/LDZ-logo.png\",\"width\":320,\"height\":200,\"caption\":\"LDZ Bad D\u00fcrrenberg GmbH\"},\"image\":{\"@id\":\"https:\/\/agrar-bdg.de\/ldz\/#\/schema\/logo\/image\/\"},\"sameAs\":[\"https:\/\/www.facebook.com\/AgrarBadDuerrenberg\",\"https:\/\/www.instagram.com\/agrar_bad_duerrenberg\/\"]}]}<\/script>\n<!-- \/ Yoast SEO plugin. -->","yoast_head_json":{"title":"Spedition - LDZ Bad D\u00fcrrenberg GmbH","robots":{"index":"index","follow":"follow","max-snippet":"max-snippet:-1","max-image-preview":"max-image-preview:large","max-video-preview":"max-video-preview:-1"},"canonical":"https:\/\/agrar-bdg.de\/ldz\/spedition\/","og_locale":"de_DE","og_type":"article","og_title":"Spedition - LDZ Bad D\u00fcrrenberg GmbH","og_url":"https:\/\/agrar-bdg.de\/ldz\/spedition\/","og_site_name":"LDZ Bad D\u00fcrrenberg GmbH","article_publisher":"https:\/\/www.facebook.com\/AgrarBadDuerrenberg","article_modified_time":"2021-09-28T07:33:24+00:00","twitter_card":"summary_large_image","twitter_misc":{"Gesch\u00e4tzte Lesezeit":"5\u00a0Minuten"},"schema":{"@context":"https:\/\/schema.org","@graph":[{"@type":"WebPage","@id":"https:\/\/agrar-bdg.de\/ldz\/spedition\/","url":"https:\/\/agrar-bdg.de\/ldz\/spedition\/","name":"Spedition - LDZ Bad D\u00fcrrenberg GmbH","isPartOf":{"@id":"https:\/\/agrar-bdg.de\/ldz\/#website"},"datePublished":"2021-03-10T14:13:47+00:00","dateModified":"2021-09-28T07:33:24+00:00","breadcrumb":{"@id":"https:\/\/agrar-bdg.de\/ldz\/spedition\/#breadcrumb"},"inLanguage":"de","potentialAction":[{"@type":"ReadAction","target":["https:\/\/agrar-bdg.de\/ldz\/spedition\/"]}]},{"@type":"BreadcrumbList","@id":"https:\/\/agrar-bdg.de\/ldz\/spedition\/#breadcrumb","itemListElement":[{"@type":"ListItem","position":1,"name":"Startseite","item":"https:\/\/agrar-bdg.de\/ldz\/home-ldz\/"},{"@type":"ListItem","position":2,"name":"Spedition"}]},{"@type":"WebSite","@id":"https:\/\/agrar-bdg.de\/ldz\/#website","url":"https:\/\/agrar-bdg.de\/ldz\/","name":"LDZ Bad D\u00fcrrenberg GmbH","description":"Eine weitere Agrargenossenschaft_Bad_Duerrenberg_Websites Website","publisher":{"@id":"https:\/\/agrar-bdg.de\/ldz\/#organization"},"potentialAction":[{"@type":"SearchAction","target":{"@type":"EntryPoint","urlTemplate":"https:\/\/agrar-bdg.de\/ldz\/?s={search_term_string}"},"query-input":{"@type":"PropertyValueSpecification","valueRequired":true,"valueName":"search_term_string"}}],"inLanguage":"de"},{"@type":"Organization","@id":"https:\/\/agrar-bdg.de\/ldz\/#organization","name":"LDZ Bad D\u00fcrrenberg GmbH","url":"https:\/\/agrar-bdg.de\/ldz\/","logo":{"@type":"ImageObject","inLanguage":"de","@id":"https:\/\/agrar-bdg.de\/ldz\/#\/schema\/logo\/image\/","url":"https:\/\/agrar-bdg.de\/ldz\/wp-content\/uploads\/sites\/2\/2021\/03\/LDZ-logo.png","contentUrl":"https:\/\/agrar-bdg.de\/ldz\/wp-content\/uploads\/sites\/2\/2021\/03\/LDZ-logo.png","width":320,"height":200,"caption":"LDZ Bad D\u00fcrrenberg GmbH"},"image":{"@id":"https:\/\/agrar-bdg.de\/ldz\/#\/schema\/logo\/image\/"},"sameAs":["https:\/\/www.facebook.com\/AgrarBadDuerrenberg","https:\/\/www.instagram.com\/agrar_bad_duerrenberg\/"]}]}},"_links":{"self":[{"href":"https:\/\/agrar-bdg.de\/ldz\/wp-json\/wp\/v2\/pages\/59","targetHints":{"allow":["GET"]}}],"collection":[{"href":"https:\/\/agrar-bdg.de\/ldz\/wp-json\/wp\/v2\/pages"}],"about":[{"href":"https:\/\/agrar-bdg.de\/ldz\/wp-json\/wp\/v2\/types\/page"}],"author":[{"embeddable":true,"href":"https:\/\/agrar-bdg.de\/ldz\/wp-json\/wp\/v2\/users\/1"}],"replies":[{"embeddable":true,"href":"https:\/\/agrar-bdg.de\/ldz\/wp-json\/wp\/v2\/comments?post=59"}],"version-history":[{"count":11,"href":"https:\/\/agrar-bdg.de\/ldz\/wp-json\/wp\/v2\/pages\/59\/revisions"}],"predecessor-version":[{"id":573,"href":"https:\/\/agrar-bdg.de\/ldz\/wp-json\/wp\/v2\/pages\/59\/revisions\/573"}],"wp:attachment":[{"href":"https:\/\/agrar-bdg.de\/ldz\/wp-json\/wp\/v2\/media?parent=59"}],"curies":[{"name":"wp","href":"https:\/\/api.w.org\/{rel}","templated":true}]}}